{"id":28,"date":"2022-09-20T17:48:26","date_gmt":"2022-09-20T17:48:26","guid":{"rendered":"https:\/\/www.messologi.de\/?page_id=28"},"modified":"2022-09-20T23:40:09","modified_gmt":"2022-09-20T21:40:09","slug":"ueber-uns","status":"publish","type":"page","link":"https:\/\/www.messologi.de\/index.php\/ueber-uns\/","title":{"rendered":"\u00dcber Uns"},"content":{"rendered":"<div id=\"pl-gb28-69f6205acd89e\"  class=\"panel-layout\" ><div id=\"pg-gb28-69f6205acd89e-0\"  class=\"panel-grid panel-no-style\" ><div id=\"pgc-gb28-69f6205acd89e-0-0\"  class=\"panel-grid-cell\" ><div id=\"panel-gb28-69f6205acd89e-0-0-0\" class=\"so-panel widget widget_sow-editor panel-first-child\" data-index=\"0\" ><div\n\t\t\t\n\t\t\tclass=\"so-widget-sow-editor so-widget-sow-editor-base\"\n\t\t\t\n\t\t>\n<div class=\"siteorigin-widget-tinymce textwidget\">\n\t<h3>Das griechische Restaurant &#8222;Messologi&#8220; im Forsthaus.<\/h3>\n<address>Das alte &#8222;Forsthaus&#8220; Ecke Wittenbergener Weg \/ S\u00fclldorfer Brooksweg war eine der belibtesten Gastst\u00e4tten und Pensionen in Rissen.<br \/>\nBis in die 1930er Jahre stand das Forsthaus tats\u00e4chlichh an einem W\u00e4ldchen.<br \/>\nVon 1980 bis 1999 bewirtete hier &#8222;Der Grieche Messologi&#8220;<br \/>\n(Heute in Wedel) seine G\u00e4ste freundlich und &#8211; beim Zeus! &#8211; reichlich.<br \/>\nIm Jahre 2000 musste er dem Neubau von Wohnh\u00e4usern weichen.<\/address>\n<\/div>\n<\/div><\/div><div id=\"panel-gb28-69f6205acd89e-0-0-1\" class=\"so-panel widget widget_sow-image\" data-index=\"1\" ><div\n\t\t\t\n\t\t\tclass=\"so-widget-sow-image so-widget-sow-image-default-8b5b6f678277-28\"\n\t\t\t\n\t\t>\n<div class=\"sow-image-container\">\n\t\t<img \n\tsrc=\"https:\/\/www.messologi.de\/wp-content\/uploads\/2022\/09\/Forsthaus-mittel.jpg\" width=\"600\" height=\"397\" srcset=\"https:\/\/www.messologi.de\/wp-content\/uploads\/2022\/09\/Forsthaus-mittel.jpg 600w, https:\/\/www.messologi.de\/wp-content\/uploads\/2022\/09\/Forsthaus-mittel-300x199.jpg 300w\" sizes=\"(max-width: 600px) 100vw, 600px\" alt=\"\" \t\tclass=\"so-widget-image\"\/>\n\t<\/div>\n\n<\/div><\/div><div id=\"panel-gb28-69f6205acd89e-0-0-2\" class=\"so-panel widget widget_sow-editor\" data-index=\"2\" ><div\n\t\t\t\n\t\t\tclass=\"so-widget-sow-editor so-widget-sow-editor-base\"\n\t\t\t\n\t\t>\n<div class=\"siteorigin-widget-tinymce textwidget\">\n\t<h3>Zeitungsartikel von 2017<\/h3>\n<\/div>\n<\/div><\/div><div id=\"panel-gb28-69f6205acd89e-0-0-3\" class=\"so-panel widget widget_sow-image panel-last-child\" data-index=\"3\" ><div\n\t\t\t\n\t\t\tclass=\"so-widget-sow-image so-widget-sow-image-default-8b5b6f678277-28\"\n\t\t\t\n\t\t>\n<div class=\"sow-image-container\">\n\t\t<img \n\tsrc=\"https:\/\/www.messologi.de\/wp-content\/uploads\/2022\/09\/Zeitungsartikel-Rissen.png\" width=\"1024\" height=\"913\" srcset=\"https:\/\/www.messologi.de\/wp-content\/uploads\/2022\/09\/Zeitungsartikel-Rissen.png 1024w, https:\/\/www.messologi.de\/wp-content\/uploads\/2022\/09\/Zeitungsartikel-Rissen-300x267.png 300w, https:\/\/www.messologi.de\/wp-content\/uploads\/2022\/09\/Zeitungsartikel-Rissen-768x685.png 768w\" sizes=\"(max-width: 1024px) 100vw, 1024px\" title=\"Zeitungsartikel Rissen\" alt=\"\" \t\tclass=\"so-widget-image\"\/>\n\t<\/div>\n\n<\/div><\/div><\/div><\/div><\/div>","protected":false},"excerpt":{"rendered":"<p>Das griechische Restaurant &#8222;Messologi&#8220; im Forsthaus. Das alte &#8222;Forsthaus&#8220; Ecke Wittenbergener Weg \/ S\u00fclldorfer Brooksweg war eine der belibtesten Gastst\u00e4tten und Pensionen in Rissen. Bis in die 1930er Jahre stand das Forsthaus tats\u00e4chlichh an einem W\u00e4ldchen. Von 1980 bis 1999 bewirtete hier &#8222;Der Grieche Messologi&#8220; (Heute in Wedel) seine G\u00e4ste freundlich und &#8211; beim Zeus! [&hellip;]<\/p>\n","protected":false},"author":1,"featured_media":0,"parent":0,"menu_order":0,"comment_status":"closed","ping_status":"closed","template":"","meta":{"footnotes":""},"class_list":["post-28","page","type-page","status-publish","hentry","post"],"_links":{"self":[{"href":"https:\/\/www.messologi.de\/index.php\/wp-json\/wp\/v2\/pages\/28","targetHints":{"allow":["GET"]}}],"collection":[{"href":"https:\/\/www.messologi.de\/index.php\/wp-json\/wp\/v2\/pages"}],"about":[{"href":"https:\/\/www.messologi.de\/index.php\/wp-json\/wp\/v2\/types\/page"}],"author":[{"embeddable":true,"href":"https:\/\/www.messologi.de\/index.php\/wp-json\/wp\/v2\/users\/1"}],"replies":[{"embeddable":true,"href":"https:\/\/www.messologi.de\/index.php\/wp-json\/wp\/v2\/comments?post=28"}],"version-history":[{"count":2,"href":"https:\/\/www.messologi.de\/index.php\/wp-json\/wp\/v2\/pages\/28\/revisions"}],"predecessor-version":[{"id":53,"href":"https:\/\/www.messologi.de\/index.php\/wp-json\/wp\/v2\/pages\/28\/revisions\/53"}],"wp:attachment":[{"href":"https:\/\/www.messologi.de\/index.php\/wp-json\/wp\/v2\/media?parent=28"}],"curies":[{"name":"wp","href":"https:\/\/api.w.org\/{rel}","templated":true}]}}